{"id":2105,"date":"2021-03-24T07:25:45","date_gmt":"2021-03-24T07:25:45","guid":{"rendered":"http:\/\/localhost\/nuss\/?page_id=235"},"modified":"2026-03-09T07:44:12","modified_gmt":"2026-03-09T07:44:12","slug":"faqs","status":"publish","type":"page","link":"https:\/\/innogohotelshenzhen.com\/de\/faqs\/","title":{"rendered":"H\u00e4ufig gestellte Fragen"},"content":{"rendered":"<div data-elementor-type=\"wp-page\" data-elementor-id=\"2105\" class=\"elementor elementor-2105\">\n\t\t\t\t\t\t<section class=\"elementor-section elementor-top-section elementor-element elementor-element-2a96a73 elementor-section-boxed elementor-section-gap-beside-yes elementor-section-height-default elementor-section-height-default elementor-section-column-vertical-align-stretch\" data-id=\"2a96a73\" data-element_type=\"section\" data-e-type=\"section\">\n\t\t\t\t\t\t<div class=\"elementor-container elementor-column-gap-extended\">\n\t\t\t\t\t<div class=\"elementor-column elementor-col-100 elementor-top-column elementor-element elementor-element-98ef20c\" data-id=\"98ef20c\" data-element_type=\"column\" data-e-type=\"column\">\n\t\t\t<div class=\"elementor-widget-wrap elementor-element-populated\">\n\t\t\t\t\t\t<div class=\"elementor-element elementor-element-97088c0 elementor-widget__width-initial elementor-invisible elementor-widget elementor-widget-text-editor\" data-id=\"97088c0\" data-element_type=\"widget\" data-e-type=\"widget\" data-settings=\"{&quot;_animation&quot;:&quot;nussFadeInUp&quot;}\" data-widget_type=\"text-editor.default\">\n\t\t\t\t\t\t\t\t\t<p>Nachfolgend finden Sie eine Liste der am h\u00e4ufigsten gestellten Fragen unserer G\u00e4ste.<\/p>\t\t\t\t\t\t\t\t<\/div>\n\t\t\t\t\t<\/div>\n\t\t<\/div>\n\t\t\t\t\t<\/div>\n\t\t<\/section>\n\t\t\t\t<section class=\"elementor-section elementor-top-section elementor-element elementor-element-b184647 elementor-section-gap-beside-no elementor-section-boxed elementor-section-height-default elementor-section-height-default elementor-section-column-vertical-align-stretch\" data-id=\"b184647\" data-element_type=\"section\" data-e-type=\"section\">\n\t\t\t\t\t\t<div class=\"elementor-container elementor-column-gap-extended\">\n\t\t\t\t\t<div class=\"elementor-column elementor-col-100 elementor-top-column elementor-element elementor-element-1d49749\" data-id=\"1d49749\" data-element_type=\"column\" data-e-type=\"column\">\n\t\t\t<div class=\"elementor-widget-wrap elementor-element-populated\">\n\t\t\t\t\t\t<div class=\"elementor-element elementor-element-b986a9e elementor-invisible elementor-widget elementor-widget-nuss-heading\" data-id=\"b986a9e\" data-element_type=\"widget\" data-e-type=\"widget\" data-settings=\"{&quot;_animation&quot;:&quot;nussFadeInUp&quot;}\" data-widget_type=\"nuss-heading.default\">\n\t\t\t\t<div class=\"elementor-widget-container\">\n\t\t\t\t\t\t\t<div class=\"nuss-modern-heading\">\r\n\t\t\t\r\n\t\t\t\t\t\t<div class=\"heading-primary-wrap\">\r\n\t\t\t\t<h4 class=\"heading-primary elementor-heading-title\">H\u00e4ufig gestellte Fragen<\/h4>\t\t\t<\/div>\r\n\t\t\r\n\t\t\t\t\t\t<div class=\"heading-divider-wrap\">\r\n\t\t\t\t<div class=\"heading-divider\" style=\"left: 0px;top: 6px\"><\/div>\r\n\t\t\t<\/div>\r\n\t\r\n\t\t\t\t\t<\/div>\r\n\t\t\t\t\t<\/div>\n\t\t\t\t<\/div>\n\t\t\t\t<div class=\"elementor-element elementor-element-50f0733 elementor-invisible elementor-widget elementor-widget-heading\" data-id=\"50f0733\" data-element_type=\"widget\" data-e-type=\"widget\" data-settings=\"{&quot;_animation&quot;:&quot;nussFadeInUp&quot;}\" data-widget_type=\"heading.default\">\n\t\t\t\t\t<h2 class=\"elementor-heading-title elementor-size-default\">Fragen und Antworten<\/h2>\t\t\t\t<\/div>\n\t\t\t\t\t<\/div>\n\t\t<\/div>\n\t\t\t\t\t<\/div>\n\t\t<\/section>\n\t\t<div class=\"elementor-element elementor-element-44bd084 e-flex e-con-boxed e-con e-parent\" data-id=\"44bd084\" data-element_type=\"container\" data-e-type=\"container\">\n\t\t\t\t\t<div class=\"e-con-inner\">\n\t\t\t\t<div class=\"elementor-element elementor-element-698c17e elementor-widget elementor-widget-text-editor\" data-id=\"698c17e\" data-element_type=\"widget\" data-e-type=\"widget\" data-widget_type=\"text-editor.default\">\n\t\t\t\t\t\t\t\t\t<h2 class=\"qwen-markdown-heading\"><strong class=\"qwen-markdown-strong\"><span class=\"qwen-markdown-text\" data-spm-anchor-id=\"a2ty_o01.29997173.0.i12.955e5171lE6COH\">Lage und Erreichbarkeit<\/span><\/strong><\/h2><h3 class=\"qwen-markdown-heading\"><span class=\"qwen-markdown-text\">1. <\/span><strong class=\"qwen-markdown-strong\"><span class=\"qwen-markdown-text\">Wo befindet sich das Innogo Hotel Shenzhen (LuoHu Port)?<\/span><\/strong><\/h3><div class=\"qwen-markdown-paragraph\"><span class=\"qwen-markdown-text\">Das Hotel befindet sich in <\/span><strong class=\"qwen-markdown-strong\"><span class=\"qwen-markdown-text\">1.\u20135. Etage, Huizhan-Pavillon, Nr. 1008 Jianshe Road, Bezirk Luohu, Shenzhen, Guangdong, China<\/span><\/strong><span class=\"qwen-markdown-text\">. Es liegt im Herzen des pulsierenden Luohu-Bezirks von Shenzhen und ist somit ideal f\u00fcr Gesch\u00e4fts- und Freizeitreisende.<\/span><\/div><div class=\"qwen-markdown-space\">\u00a0<\/div><h3 class=\"qwen-markdown-heading\"><span class=\"qwen-markdown-text\">2. <\/span><strong class=\"qwen-markdown-strong\"><span class=\"qwen-markdown-text\">Wie weit ist das Hotel vom Hafen Luohu entfernt?<\/span><\/strong><\/h3><div class=\"qwen-markdown-paragraph\"><span class=\"qwen-markdown-text\">Das Innogo Hotel ist ungef\u00e4hr <\/span><strong class=\"qwen-markdown-strong\"><span class=\"qwen-markdown-text\">0,66 km vom Hafen Luohu entfernt<\/span><\/strong><span class=\"qwen-markdown-text\">, Nur 5-10 Gehminuten entfernt. Das macht es \u00e4u\u00dferst praktisch f\u00fcr Reisende, die Tagesausfl\u00fcge nach Hongkong planen.<\/span><\/div><div class=\"qwen-markdown-space\">\u00a0<\/div><h3 class=\"qwen-markdown-heading\"><span class=\"qwen-markdown-text\">3. <\/span><strong class=\"qwen-markdown-strong\"><span class=\"qwen-markdown-text\">Liegt das Hotel in der N\u00e4he von U-Bahn-Stationen?<\/span><\/strong><\/h3><div class=\"qwen-markdown-paragraph\"><span class=\"qwen-markdown-text\">Ja! Das Hotel befindet sich direkt neben <\/span><strong class=\"qwen-markdown-strong\"><span class=\"qwen-markdown-text\">100 Meter von den U-Bahn-Linien 1 und 9 entfernt<\/span><\/strong><span class=\"qwen-markdown-text\">, Dadurch sind alle wichtigen Bereiche von Shenzhen leicht zu erreichen. Der Bahnhof Shenzhen ist ebenfalls nur 560 Meter entfernt.<\/span><\/div><div class=\"qwen-markdown-space\">\u00a0<\/div><h3 class=\"qwen-markdown-heading\"><span class=\"qwen-markdown-text\">4. <\/span><strong class=\"qwen-markdown-strong\"><span class=\"qwen-markdown-text\">Wie weit ist das Hotel vom internationalen Flughafen Shenzhen Bao&#039;an entfernt?<\/span><\/strong><\/h3><div class=\"qwen-markdown-paragraph\"><span class=\"qwen-markdown-text\">Das Hotel ist ungef\u00e4hr <\/span><strong class=\"qwen-markdown-strong\"><span class=\"qwen-markdown-text\">38,3 km vom internationalen Flughafen Shenzhen Bao&#039;an entfernt<\/span><\/strong><span class=\"qwen-markdown-text\">, Das entspricht einer Fahrzeit von etwa 45 bis 60 Minuten mit dem Auto oder Taxi, je nach Verkehrslage.<\/span><\/div><div class=\"qwen-markdown-space\">\u00a0<\/div><h3 class=\"qwen-markdown-heading\"><span class=\"qwen-markdown-text\">5. <\/span><strong class=\"qwen-markdown-strong\"><span class=\"qwen-markdown-text\">Welche Sehensw\u00fcrdigkeiten befinden sich in der N\u00e4he des Hotels?<\/span><\/strong><\/h3><div class=\"qwen-markdown-paragraph\"><span class=\"qwen-markdown-text\">Zu den beliebten Attraktionen in der N\u00e4he geh\u00f6ren: <\/span><strong class=\"qwen-markdown-strong\"><span class=\"qwen-markdown-text\">Dongmen Fu\u00dfg\u00e4ngerzone (1,1 km)<\/span><\/strong><span class=\"qwen-markdown-text\">, Der Bahnhof Shenzhen (560 m) und die zahlreichen Einkaufs- und Gastronomieangebote im Stadtbezirk Luohu machen die Lage ideal, um die kulturellen und wirtschaftlichen Sehensw\u00fcrdigkeiten Shenzhens zu erkunden.<\/span><\/div><div class=\"qwen-markdown-space\">\u00a0<\/div><div class=\"qwen-markdown-hr\"><hr \/><\/div><div class=\"qwen-markdown-space\">\u00a0<\/div><h2 class=\"qwen-markdown-heading\"><strong class=\"qwen-markdown-strong\"><span class=\"qwen-markdown-text\">Zimmer &amp; Ausstattung<\/span><\/strong><\/h2><h3 class=\"qwen-markdown-heading\"><span class=\"qwen-markdown-text\">6. <\/span><strong class=\"qwen-markdown-strong\"><span class=\"qwen-markdown-text\">Wie viele Zimmer hat das Hotel?<\/span><\/strong><\/h3><div class=\"qwen-markdown-paragraph\"><span class=\"qwen-markdown-text\">Innogo Hotel bietet <\/span><strong class=\"qwen-markdown-strong\"><span class=\"qwen-markdown-text\">94 individuell gestaltete G\u00e4stezimmer<\/span><\/strong><span class=\"qwen-markdown-text\"> Die R\u00e4umlichkeiten erstrecken sich \u00fcber die Etagen 2 bis 6 und bieten Zimmergr\u00f6\u00dfen von 18 bis 40 m\u00b2. Jedes Zimmer vereint industriellen Stil mit moderner Gesch\u00e4fts\u00e4sthetik.<\/span><\/div><div class=\"qwen-markdown-space\">\u00a0<\/div><h3 class=\"qwen-markdown-heading\"><span class=\"qwen-markdown-text\">7. <\/span><strong class=\"qwen-markdown-strong\"><span class=\"qwen-markdown-text\">Welche Zimmertypen stehen zur Verf\u00fcgung?<\/span><\/strong><\/h3><div class=\"qwen-markdown-paragraph\"><span class=\"qwen-markdown-text\">Folgende Zimmeroptionen stehen zur Verf\u00fcgung:<\/span><\/div><ul class=\"qwen-markdown-list\" dir=\"auto\"><li><span class=\"qwen-markdown-text\">Superior Queen Zimmer<\/span><\/li><li><span class=\"qwen-markdown-text\">Movie Queen Zimmer (mit Tatami und XGIMI Video VIP)<\/span><\/li><li><span class=\"qwen-markdown-text\">Zimmer mit Verbindungst\u00fcr (ideal f\u00fcr Familien)<\/span><\/li><li><span class=\"qwen-markdown-text\">Superior City Familienzimmer (mit Tencent Video VIP)<\/span><\/li><\/ul><div class=\"qwen-markdown-space\">\u00a0<\/div><h3 class=\"qwen-markdown-heading\"><span class=\"qwen-markdown-text\">8. <\/span><strong class=\"qwen-markdown-strong\"><span class=\"qwen-markdown-text\">Welche Annehmlichkeiten sind in den Zimmern enthalten?<\/span><\/strong><\/h3><div class=\"qwen-markdown-paragraph\"><span class=\"qwen-markdown-text\">Alle Zimmer verf\u00fcgen \u00fcber:<\/span><\/div><ul class=\"qwen-markdown-list\" dir=\"auto\"><li><span class=\"qwen-markdown-text\">International bekannt <\/span><strong class=\"qwen-markdown-strong\"><span class=\"qwen-markdown-text\">SINOMAX Matratzen<\/span><\/strong><\/li><li><span class=\"qwen-markdown-text\">Kostenloses Highspeed-WLAN<\/span><\/li><li><span class=\"qwen-markdown-text\">Klimaanlage<\/span><\/li><li><span class=\"qwen-markdown-text\">Private Badezimmer mit separaten Nass-\/Trockenbereichen<\/span><\/li><li><span class=\"qwen-markdown-text\">K\u00fchlschr\u00e4nke und Minibars<\/span><\/li><li><span class=\"qwen-markdown-text\">Einweg-Toilettenartikel<\/span><\/li><li><span class=\"qwen-markdown-text\">Zugang f\u00fcr die Zustellung durch Serviceroboter<\/span><\/li><\/ul><div class=\"qwen-markdown-space\">\u00a0<\/div><h3 class=\"qwen-markdown-heading\"><span class=\"qwen-markdown-text\">9. <\/span><strong class=\"qwen-markdown-strong\"><span class=\"qwen-markdown-text\">Sind die Zimmer f\u00fcr Familien geeignet?<\/span><\/strong><\/h3><div class=\"qwen-markdown-paragraph\"><span class=\"qwen-markdown-text\">Ja! Das Hotel bietet <\/span><strong class=\"qwen-markdown-strong\"><span class=\"qwen-markdown-text\">Zimmer mit Verbindungst\u00fcr und Superior City Familienzimmer<\/span><\/strong><span class=\"qwen-markdown-text\">. Kinder unter 17 Jahren \u00fcbernachten kostenlos ohne Zustellbett. Das Hotel stellt au\u00dferdem Hausschuhe, Zahnb\u00fcrsten und einen kostenlosen Spielplatz zur Verf\u00fcgung.<\/span><\/div><div class=\"qwen-markdown-space\">\u00a0<\/div><h3 class=\"qwen-markdown-heading\"><span class=\"qwen-markdown-text\">10. <\/span><strong class=\"qwen-markdown-strong\"><span class=\"qwen-markdown-text\">Ist WLAN im gesamten Hotel verf\u00fcgbar?<\/span><\/strong><\/h3><div class=\"qwen-markdown-paragraph\"><span class=\"qwen-markdown-text\">Ja, <\/span><strong class=\"qwen-markdown-strong\"><span class=\"qwen-markdown-text\">Im gesamten Anwesen steht Ihnen kostenloses WLAN zur Verf\u00fcgung.<\/span><\/strong><span class=\"qwen-markdown-text\">, einschlie\u00dflich aller G\u00e4stezimmer, der Lobby und der Gemeinschaftsbereiche.<\/span><\/div><div class=\"qwen-markdown-space\">\u00a0<\/div><div class=\"qwen-markdown-hr\"><hr \/><\/div><div class=\"qwen-markdown-space\">\u00a0<\/div><h2 class=\"qwen-markdown-heading\"><strong class=\"qwen-markdown-strong\"><span class=\"qwen-markdown-text\">Essen &amp; Trinken<\/span><\/strong><\/h2><h3 class=\"qwen-markdown-heading\"><span class=\"qwen-markdown-text\">11. <\/span><strong class=\"qwen-markdown-strong\"><span class=\"qwen-markdown-text\">Hat das Hotel ein Restaurant?<\/span><\/strong><\/h3><div class=\"qwen-markdown-paragraph\"><span class=\"qwen-markdown-text\">Ja, das Hotel verf\u00fcgt \u00fcber die <\/span><strong class=\"qwen-markdown-strong\"><span class=\"qwen-markdown-text\">INNO DELI Restaurant<\/span><\/strong><span class=\"qwen-markdown-text\"> Vor Ort gibt es ein Restaurant, das den ganzen Tag \u00fcber verschiedene Gerichte anbietet. Au\u00dferdem gibt es ein <\/span><strong class=\"qwen-markdown-strong\"><span class=\"qwen-markdown-text\">Lobbybar<\/span><\/strong><span class=\"qwen-markdown-text\"> f\u00fcr abendliche Drinks und Entspannung.<\/span><\/div><div class=\"qwen-markdown-space\">\u00a0<\/div><h3 class=\"qwen-markdown-heading\"><span class=\"qwen-markdown-text\">12. <\/span><strong class=\"qwen-markdown-strong\"><span class=\"qwen-markdown-text\">Wann gibt es Fr\u00fchst\u00fcck und welche Auswahlm\u00f6glichkeiten werden angeboten?<\/span><\/strong><\/h3><div class=\"qwen-markdown-paragraph\"><span class=\"qwen-markdown-text\">Das Fr\u00fchst\u00fcck wird serviert ab <\/span><strong class=\"qwen-markdown-strong\"><span class=\"qwen-markdown-text\">07:00-10:00<\/span><\/strong><span class=\"qwen-markdown-text\"> T\u00e4glich ge\u00f6ffnet. Das multikulturelle Buffet bietet westliche, chinesische, asiatische und vegetarische Gerichte. Kinder unter 5 Jahren essen kostenlos.<\/span><\/div><div class=\"qwen-markdown-space\">\u00a0<\/div><h3 class=\"qwen-markdown-heading\"><span class=\"qwen-markdown-text\">13. <\/span><strong class=\"qwen-markdown-strong\"><span class=\"qwen-markdown-text\">Ist Zimmerservice verf\u00fcgbar?<\/span><\/strong><\/h3><div class=\"qwen-markdown-paragraph\"><span class=\"qwen-markdown-text\">Ja, Zimmerservice steht Ihnen f\u00fcr Ihre Mahlzeiten im Zimmer zur Verf\u00fcgung. Die Speisen werden Ihnen bequem von Ihrem Zimmer gebracht. <\/span><strong class=\"qwen-markdown-strong\"><span class=\"qwen-markdown-text\">Serviceroboter<\/span><\/strong><span class=\"qwen-markdown-text\">, wodurch Ihr kulinarisches Erlebnis um eine moderne Note bereichert wird.<\/span><\/div><div class=\"qwen-markdown-space\">\u00a0<\/div><h3 class=\"qwen-markdown-heading\"><span class=\"qwen-markdown-text\">14. <\/span><strong class=\"qwen-markdown-strong\"><span class=\"qwen-markdown-text\">Kann ich im Hotel Kaffee bekommen?<\/span><\/strong><\/h3><div class=\"qwen-markdown-paragraph\"><span class=\"qwen-markdown-text\">Absolut! G\u00e4ste k\u00f6nnen genie\u00dfen <\/span><strong class=\"qwen-markdown-strong\"><span class=\"qwen-markdown-text\">frisch gemahlener amerikanischer Kaffee<\/span><\/strong><span class=\"qwen-markdown-text\"> von <\/span><strong class=\"qwen-markdown-strong\"><span class=\"qwen-markdown-text\">Heldenbrot \u2013 Heldenversorgungsstation<\/span><\/strong><span class=\"qwen-markdown-text\"> befindet sich in der gemeinsamen Kunstlobby.<\/span><\/div><div class=\"qwen-markdown-space\">\u00a0<\/div><div class=\"qwen-markdown-hr\"><hr \/><\/div><div class=\"qwen-markdown-space\">\u00a0<\/div><h2 class=\"qwen-markdown-heading\"><strong class=\"qwen-markdown-strong\"><span class=\"qwen-markdown-text\">Dienstleistungen und Einrichtungen<\/span><\/strong><\/h2><h3 class=\"qwen-markdown-heading\"><span class=\"qwen-markdown-text\">15. <\/span><strong class=\"qwen-markdown-strong\"><span class=\"qwen-markdown-text\">Wann sind die Ein- und Auscheckzeiten?<\/span><\/strong><\/h3><ul class=\"qwen-markdown-list\" dir=\"auto\"><li><strong class=\"qwen-markdown-strong\"><span class=\"qwen-markdown-text\">Einchecken:<\/span><\/strong><span class=\"qwen-markdown-text\"> 14:00 Uhr (2:00 PM)<\/span><\/li><li><strong class=\"qwen-markdown-strong\"><span class=\"qwen-markdown-text\">Kasse:<\/span><\/strong><span class=\"qwen-markdown-text\"> 12:00 Uhr (12:00 PM) F\u00fcr zus\u00e4tzlichen Komfort stehen Ihnen Express-Check-in-\/Check-out-Services zur Verf\u00fcgung.<\/span><\/li><\/ul><div class=\"qwen-markdown-space\">\u00a0<\/div><h3 class=\"qwen-markdown-heading\"><span class=\"qwen-markdown-text\">16. <\/span><strong class=\"qwen-markdown-strong\"><span class=\"qwen-markdown-text\">Gibt es am Hotel Parkpl\u00e4tze?<\/span><\/strong><\/h3><div class=\"qwen-markdown-paragraph\"><span class=\"qwen-markdown-text\">Ja, <\/span><strong class=\"qwen-markdown-strong\"><span class=\"qwen-markdown-text\">Kostenlose Parkpl\u00e4tze stehen zur Verf\u00fcgung.<\/span><\/strong><span class=\"qwen-markdown-text\"> vor Ort, was eine seltene und wertvolle Annehmlichkeit im Zentrum von Shenzhen darstellt.<\/span><\/div><div class=\"qwen-markdown-space\">\u00a0<\/div><h3 class=\"qwen-markdown-heading\"><span class=\"qwen-markdown-text\">17. <\/span><strong class=\"qwen-markdown-strong\"><span class=\"qwen-markdown-text\">Bietet das Hotel eine Gep\u00e4ckaufbewahrung an?<\/span><\/strong><\/h3><div class=\"qwen-markdown-paragraph\"><span class=\"qwen-markdown-text\">Ja, <\/span><strong class=\"qwen-markdown-strong\"><span class=\"qwen-markdown-text\">kostenlose Gep\u00e4ckaufbewahrung<\/span><\/strong><span class=\"qwen-markdown-text\"> ist an der Rezeption erh\u00e4ltlich und eignet sich perfekt f\u00fcr G\u00e4ste, die fr\u00fch anreisen oder sp\u00e4t abreisen.<\/span><\/div><div class=\"qwen-markdown-space\">\u00a0<\/div><h3 class=\"qwen-markdown-heading\"><span class=\"qwen-markdown-text\">18. <\/span><strong class=\"qwen-markdown-strong\"><span class=\"qwen-markdown-text\">Welche Gesch\u00e4ftsdienstleistungen werden angeboten?<\/span><\/strong><\/h3><div class=\"qwen-markdown-paragraph\"><span class=\"qwen-markdown-text\">Gesch\u00e4ftsreisende haben Zugang zu:<\/span><\/div><ul class=\"qwen-markdown-list\" dir=\"auto\"><li><span class=\"qwen-markdown-text\">Fax-\/Kopierdienste<\/span><\/li><li><span class=\"qwen-markdown-text\">Postdienste<\/span><\/li><li><span class=\"qwen-markdown-text\">Etagen der Gesch\u00e4ftsleitung<\/span><\/li><li><span class=\"qwen-markdown-text\">Empfangsservice rund um die Uhr<\/span><\/li><li><span class=\"qwen-markdown-text\">\u00dcbersetzungswerkzeuge<\/span><\/li><\/ul><div class=\"qwen-markdown-space\">\u00a0<\/div><h3 class=\"qwen-markdown-heading\"><span class=\"qwen-markdown-text\">19. <\/span><strong class=\"qwen-markdown-strong\"><span class=\"qwen-markdown-text\">Ist das Hotel familienfreundlich?<\/span><\/strong><\/h3><div class=\"qwen-markdown-paragraph\"><span class=\"qwen-markdown-text\">Ja! Zu den familienfreundlichen Merkmalen geh\u00f6ren:<\/span><\/div><ul class=\"qwen-markdown-list\" dir=\"auto\"><li><span class=\"qwen-markdown-text\">Kostenloser Spielplatz<\/span><\/li><li><span class=\"qwen-markdown-text\">Kinderpantoffeln und Zahnb\u00fcrsten<\/span><\/li><li><span class=\"qwen-markdown-text\">Optionen f\u00fcr Familienzimmer<\/span><\/li><li><span class=\"qwen-markdown-text\">Kinder unter 17 Jahren \u00fcbernachten kostenlos (ohne Zustellbett).<\/span><\/li><li><span class=\"qwen-markdown-text\">Kinder unter 5 Jahren fr\u00fchst\u00fccken kostenlos<\/span><\/li><\/ul><div class=\"qwen-markdown-space\">\u00a0<\/div><h3 class=\"qwen-markdown-heading\"><span class=\"qwen-markdown-text\">20. <\/span><strong class=\"qwen-markdown-strong\"><span class=\"qwen-markdown-text\">Wie lauten die Kontaktdaten des Hotels?<\/span><\/strong><\/h3><ul class=\"qwen-markdown-list\" dir=\"auto\"><li><strong class=\"qwen-markdown-strong\"><span class=\"qwen-markdown-text\">Telefon:<\/span><\/strong><span class=\"qwen-markdown-text\"> +86-19925192735<\/span><\/li><li><strong class=\"qwen-markdown-strong\"><span class=\"qwen-markdown-text\">Bewertung:<\/span><\/strong><span class=\"qwen-markdown-text\"> 9,5\/10 (basierend auf \u00fcber 8.898 G\u00e4stebewertungen auf Trip.com)<\/span><\/li><li><strong class=\"qwen-markdown-strong\"><span class=\"qwen-markdown-text\">Ge\u00f6ffnet:<\/span><\/strong><span class=\"qwen-markdown-text\"> 2019<\/span><\/li><\/ul><div class=\"qwen-markdown-space\">\u00a0<\/div><div class=\"qwen-markdown-hr\"><hr \/><\/div><div class=\"qwen-markdown-space\">\u00a0<\/div><h2 class=\"qwen-markdown-heading\"><strong class=\"qwen-markdown-strong\"><span class=\"qwen-markdown-text\">Bonus-Tipps f\u00fcr G\u00e4ste<\/span><\/strong><\/h2><div class=\"qwen-markdown-table-wrapper\"><div class=\"qwen-markdown-table-header\"><div class=\"qwen-markdown-table-header-action-item\">\u00a0<\/div><\/div><div class=\"qwen-markdown-table-scroll-wrapper\"><table class=\"qwen-markdown-table\"><thead class=\"qwen-markdown-table-thead\"><tr class=\"qwen-markdown-table-thead-tr\"><th class=\"qwen-markdown-table-thead-tr-th\" scope=\"col\"><div class=\"qwen-markdown-table-thead-tr-th-col\"><span class=\"qwen-markdown-text\">Tipp<\/span><\/div><\/th><th class=\"qwen-markdown-table-thead-tr-th\" scope=\"col\"><div class=\"qwen-markdown-table-thead-tr-th-col\"><span class=\"qwen-markdown-text\">Details<\/span><\/div><\/th><\/tr><\/thead><tbody class=\"qwen-markdown-table-tbody\"><tr class=\"qwen-markdown-table-tbody-tr\"><td class=\"qwen-markdown-table-tbody-tr-td\"><div class=\"qwen-markdown-table-tbody-tr-td-col\"><strong class=\"qwen-markdown-strong\"><span class=\"qwen-markdown-text\">Die besten Zimmer f\u00fcr Ruhe<\/span><\/strong><\/div><\/td><td class=\"qwen-markdown-table-tbody-tr-td\"><div class=\"qwen-markdown-table-tbody-tr-td-col\"><span class=\"qwen-markdown-text\">Bitte fragen Sie nach Zimmern im 5. oder 6. Stock, die nicht zu den Fenstern zur Stra\u00dfe hin liegen.<\/span><\/div><\/td><\/tr><tr class=\"qwen-markdown-table-tbody-tr\"><td class=\"qwen-markdown-table-tbody-tr-td\"><div class=\"qwen-markdown-table-tbody-tr-td-col\"><strong class=\"qwen-markdown-strong\"><span class=\"qwen-markdown-text\">Buchung in der Hochsaison<\/span><\/strong><\/div><\/td><td class=\"qwen-markdown-table-tbody-tr-td\"><div class=\"qwen-markdown-table-tbody-tr-td-col\"><span class=\"qwen-markdown-text\">Buchen Sie fr\u00fchzeitig w\u00e4hrend des chinesischen Neujahrsfestes und an Feiertagen, um bessere Preise zu erhalten.<\/span><\/div><\/td><\/tr><tr class=\"qwen-markdown-table-tbody-tr\"><td class=\"qwen-markdown-table-tbody-tr-td\"><div class=\"qwen-markdown-table-tbody-tr-td-col\"><strong class=\"qwen-markdown-strong\"><span class=\"qwen-markdown-text\">Tagesausfl\u00fcge in Hongkong<\/span><\/strong><\/div><\/td><td class=\"qwen-markdown-table-tbody-tr-td\"><div class=\"qwen-markdown-table-tbody-tr-td-col\"><span class=\"qwen-markdown-text\">Perfekter Standort f\u00fcr Konzertbesucher und Grenzg\u00e4nger<\/span><\/div><\/td><\/tr><tr class=\"qwen-markdown-table-tbody-tr\"><td class=\"qwen-markdown-table-tbody-tr-td\"><div class=\"qwen-markdown-table-tbody-tr-td-col\"><strong class=\"qwen-markdown-strong\"><span class=\"qwen-markdown-text\">Einzigartiges Erlebnis<\/span><\/strong><\/div><\/td><td class=\"qwen-markdown-table-tbody-tr-td\"><div class=\"qwen-markdown-table-tbody-tr-td-col\"><span class=\"qwen-markdown-text\">Probieren Sie den Lieferservice-Roboter aus und erkunden Sie die Gemeinschaftskunst-Lobby.<\/span><\/div><\/td><\/tr><tr class=\"qwen-markdown-table-tbody-tr\"><td class=\"qwen-markdown-table-tbody-tr-td\"><div class=\"qwen-markdown-table-tbody-tr-td-col\"><strong class=\"qwen-markdown-strong\"><span class=\"qwen-markdown-text\">Mehrwert<\/span><\/strong><\/div><\/td><td class=\"qwen-markdown-table-tbody-tr-td\"><div class=\"qwen-markdown-table-tbody-tr-td-col\"><span class=\"qwen-markdown-text\">Nutzen Sie die kostenlosen Parkpl\u00e4tze, das WLAN und die Gep\u00e4ckaufbewahrung.<\/span><\/div><\/td><\/tr><\/tbody><\/table><\/div><\/div><div class=\"qwen-markdown-hr\"><hr \/><\/div><div class=\"qwen-markdown-space\">\u00a0<\/div><div class=\"qwen-markdown-paragraph\" data-spm-anchor-id=\"a2ty_o01.29997173.0.i11.955e5171lE6COH\"><em><span class=\"qwen-markdown-text\" data-spm-anchor-id=\"a2ty_o01.29997173.0.i10.955e5171lE6COH\">Haben Sie weitere Fragen? Kontaktieren Sie das Innogo Hotel Shenzhen direkt unter +86-19925192735 oder besuchen Sie die Trip.com-Seite f\u00fcr aktuelle Informationen und Verf\u00fcgbarkeit.<\/span><\/em><\/div>\t\t\t\t\t\t\t\t<\/div>\n\t\t\t\t\t<\/div>\n\t\t\t\t<\/div>\n\t\t\t\t<\/div>","protected":false},"excerpt":{"rendered":"<p>Below, you will find a list of the questions most frequently asked by our guests. FAQ&#8217;S Questions &amp; Answers Location &amp; Accessibility 1. Where is Innogo Hotel Shenzhen (LuoHu Port) located? The hotel is located at 1st-5th Floors, Huizhan Pavilion, No. 1008 Jianshe Road, Luohu District, Shenzhen, Guangdong, China. It sits in the heart of [&hellip;]<\/p>\n","protected":false},"author":1,"featured_media":0,"parent":0,"menu_order":0,"comment_status":"closed","ping_status":"closed","template":"elementor_header_footer","meta":{"footnotes":""},"class_list":["post-2105","page","type-page","status-publish","hentry","post-no-thumbnail"],"_links":{"self":[{"href":"https:\/\/innogohotelshenzhen.com\/de\/wp-json\/wp\/v2\/pages\/2105","targetHints":{"allow":["GET"]}}],"collection":[{"href":"https:\/\/innogohotelshenzhen.com\/de\/wp-json\/wp\/v2\/pages"}],"about":[{"href":"https:\/\/innogohotelshenzhen.com\/de\/wp-json\/wp\/v2\/types\/page"}],"author":[{"embeddable":true,"href":"https:\/\/innogohotelshenzhen.com\/de\/wp-json\/wp\/v2\/users\/1"}],"replies":[{"embeddable":true,"href":"https:\/\/innogohotelshenzhen.com\/de\/wp-json\/wp\/v2\/comments?post=2105"}],"version-history":[{"count":0,"href":"https:\/\/innogohotelshenzhen.com\/de\/wp-json\/wp\/v2\/pages\/2105\/revisions"}],"wp:attachment":[{"href":"https:\/\/innogohotelshenzhen.com\/de\/wp-json\/wp\/v2\/media?parent=2105"}],"curies":[{"name":"wp","href":"https:\/\/api.w.org\/{rel}","templated":true}]}}