{"id":5266,"date":"2021-07-18T08:03:35","date_gmt":"2021-07-18T08:03:35","guid":{"rendered":"https:\/\/nuss.uxper.co\/luxury-resort\/?page_id=5266"},"modified":"2026-03-09T07:42:11","modified_gmt":"2026-03-09T07:42:11","slug":"sobre-nosotros","status":"publish","type":"page","link":"https:\/\/innogohotelshenzhen.com\/es\/about-us\/","title":{"rendered":"Sobre nosotros"},"content":{"rendered":"<div data-elementor-type=\"wp-page\" data-elementor-id=\"5266\" class=\"elementor elementor-5266\">\n\t\t\t\t\t\t<section class=\"elementor-section elementor-top-section elementor-element elementor-element-10416953 elementor-section-boxed elementor-section-gap-beside-yes elementor-section-height-default elementor-section-height-default elementor-section-column-vertical-align-stretch\" data-id=\"10416953\" data-element_type=\"section\" data-e-type=\"section\">\n\t\t\t\t\t\t<div class=\"elementor-container elementor-column-gap-extended\">\n\t\t\t\t\t<div class=\"elementor-column elementor-col-100 elementor-top-column elementor-element elementor-element-29c6aa8\" data-id=\"29c6aa8\" data-element_type=\"column\" data-e-type=\"column\">\n\t\t\t<div class=\"elementor-widget-wrap elementor-element-populated\">\n\t\t\t\t\t\t<div class=\"elementor-element elementor-element-7be18fe7 elementor-widget__width-initial elementor-invisible elementor-widget elementor-widget-text-editor\" data-id=\"7be18fe7\" data-element_type=\"widget\" data-e-type=\"widget\" data-settings=\"{&quot;_animation&quot;:&quot;nussFadeInUp&quot;}\" data-widget_type=\"text-editor.default\">\n\t\t\t\t\t\t\t\t\t<p>Nuestra historia es sencilla. Amamos NUSS. Los propietarios se casaron aqu\u00ed y generaciones de su familia han vivido y siguen viviendo aqu\u00ed.<\/p>\t\t\t\t\t\t\t\t<\/div>\n\t\t\t\t\t<\/div>\n\t\t<\/div>\n\t\t\t\t\t<\/div>\n\t\t<\/section>\n\t\t\t\t<section class=\"elementor-section elementor-top-section elementor-element elementor-element-7d18327f elementor-section-boxed elementor-section-gap-beside-yes elementor-section-height-default elementor-section-height-default elementor-section-column-vertical-align-stretch\" data-id=\"7d18327f\" data-element_type=\"section\" data-e-type=\"section\">\n\t\t\t\t\t\t<div class=\"elementor-container elementor-column-gap-extended\">\n\t\t\t\t\t<div class=\"elementor-column elementor-col-50 elementor-top-column elementor-element elementor-element-56533670\" data-id=\"56533670\" data-element_type=\"column\" data-e-type=\"column\">\n\t\t\t<div class=\"elementor-widget-wrap elementor-element-populated\">\n\t\t\t\t\t\t<div class=\"elementor-element elementor-element-19c3f543 elementor-invisible elementor-widget elementor-widget-text-editor\" data-id=\"19c3f543\" data-element_type=\"widget\" data-e-type=\"widget\" data-settings=\"{&quot;_animation&quot;:&quot;nussFadeInUp&quot;}\" data-widget_type=\"text-editor.default\">\n\t\t\t\t\t\t\t\t\t<p><span class=\"qwen-markdown-text\">Experimente la fusi\u00f3n perfecta de arte contempor\u00e1neo y hospitalidad moderna en <\/span><strong class=\"qwen-markdown-strong\"><span class=\"qwen-markdown-text\">Innogo Hotel Shenzhen (Puerto LuoHu)<\/span><\/strong><span class=\"qwen-markdown-text\">, un alojamiento excepcional de 4 estrellas ubicado en el coraz\u00f3n del animado distrito de Luohu de Shenzhen. Estrat\u00e9gicamente ubicado en la... <\/span><strong class=\"qwen-markdown-strong\"><span class=\"qwen-markdown-text\">Pisos 1.\u00ba a 5.\u00ba, Pabell\u00f3n Huizhan, No. 1008 Jianshe Road, Distrito Luohu, Shenzhen, Guangdong, China<\/span><\/strong><span class=\"qwen-markdown-text\">, Este hotel es la puerta de entrada ideal tanto para viajeros de negocios como para turistas que exploran el \u00c1rea de la Bah\u00eda. A diferencia de las estancias tradicionales, Innogo se define como un &quot;cuarto espacio&quot; para la socializaci\u00f3n y la creatividad, dise\u00f1ado en colaboraci\u00f3n con j\u00f3venes artistas del \u00c1rea de la Bah\u00eda para ofrecer un entorno visualmente estimulante que inspira relajaci\u00f3n e innovaci\u00f3n.<\/span><\/p>\t\t\t\t\t\t\t\t<\/div>\n\t\t\t\t\t<\/div>\n\t\t<\/div>\n\t\t\t\t<div class=\"elementor-column elementor-col-50 elementor-top-column elementor-element elementor-element-30f14127\" data-id=\"30f14127\" data-element_type=\"column\" data-e-type=\"column\">\n\t\t\t<div class=\"elementor-widget-wrap elementor-element-populated\">\n\t\t\t\t\t\t<div class=\"elementor-element elementor-element-7638369 elementor-widget elementor-widget-image\" data-id=\"7638369\" data-element_type=\"widget\" data-e-type=\"widget\" data-widget_type=\"image.default\">\n\t\t\t\t\t\t\t\t\t\t\t\t\t\t\t<img fetchpriority=\"high\" decoding=\"async\" width=\"568\" height=\"853\" src=\"https:\/\/innogohotelshenzhen.com\/wp-content\/uploads\/2026\/03\/Innogo-Hotel-Shenzhen-3.webp\" class=\"attachment-large size-large wp-image-5651\" alt=\"\" srcset=\"https:\/\/innogohotelshenzhen.com\/wp-content\/uploads\/2026\/03\/Innogo-Hotel-Shenzhen-3.webp 568w, https:\/\/innogohotelshenzhen.com\/wp-content\/uploads\/2026\/03\/Innogo-Hotel-Shenzhen-3-200x300.webp 200w\" sizes=\"(max-width: 568px) 100vw, 568px\" \/>\t\t\t\t\t\t\t\t\t\t\t\t\t\t\t<\/div>\n\t\t\t\t\t<\/div>\n\t\t<\/div>\n\t\t\t\t\t<\/div>\n\t\t<\/section>\n\t\t\t\t<section class=\"elementor-section elementor-top-section elementor-element elementor-element-29fb8578 elementor-section-height-min-height elementor-section-stretched elementor-section-full_width elementor-section-items-stretch elementor-section-height-default elementor-section-column-vertical-align-stretch\" data-id=\"29fb8578\" data-element_type=\"section\" data-e-type=\"section\" data-settings=\"{&quot;stretch_section&quot;:&quot;section-stretched&quot;}\">\n\t\t\t\t\t\t<div class=\"elementor-container elementor-column-gap-no\">\n\t\t\t\t\t<div class=\"elementor-column elementor-col-50 elementor-top-column elementor-element elementor-element-40ac270b\" data-id=\"40ac270b\" data-element_type=\"column\" data-e-type=\"column\">\n\t\t\t<div class=\"elementor-widget-wrap elementor-element-populated\">\n\t\t\t\t\t\t<div class=\"elementor-element elementor-element-20872773 elementor-widget__width-initial elementor-widget-mobile__width-inherit elementor-invisible nuss-elementor-loading nuss-slide-in-right elementor-widget elementor-widget-image\" data-id=\"20872773\" data-element_type=\"widget\" data-e-type=\"widget\" data-settings=\"{&quot;_animation&quot;:&quot;nussSlideInRight&quot;}\" data-widget_type=\"image.default\">\n\t\t\t\t\t\t\t\t\t\t\t\t\t\t\t<img decoding=\"async\" width=\"569\" height=\"853\" src=\"https:\/\/innogohotelshenzhen.com\/wp-content\/uploads\/2026\/03\/Innogo-Hotel-Shenzhen-64.webp\" class=\"attachment-full size-full wp-image-5671\" alt=\"\" srcset=\"https:\/\/innogohotelshenzhen.com\/wp-content\/uploads\/2026\/03\/Innogo-Hotel-Shenzhen-64.webp 569w, https:\/\/innogohotelshenzhen.com\/wp-content\/uploads\/2026\/03\/Innogo-Hotel-Shenzhen-64-200x300.webp 200w\" sizes=\"(max-width: 569px) 100vw, 569px\" \/>\t\t\t\t\t\t\t\t\t\t\t\t\t\t\t<\/div>\n\t\t\t\t\t<\/div>\n\t\t<\/div>\n\t\t\t\t<div class=\"elementor-column elementor-col-50 elementor-top-column elementor-element elementor-element-2dac103\" data-id=\"2dac103\" data-element_type=\"column\" data-e-type=\"column\">\n\t\t\t<div class=\"elementor-widget-wrap elementor-element-populated\">\n\t\t\t\t\t\t<div class=\"elementor-element elementor-element-6f1b8966 elementor-invisible elementor-widget elementor-widget-text-editor\" data-id=\"6f1b8966\" data-element_type=\"widget\" data-e-type=\"widget\" data-settings=\"{&quot;_animation&quot;:&quot;nussFadeInUp&quot;}\" data-widget_type=\"text-editor.default\">\n\t\t\t\t\t\t\t\t\t<p><span class=\"qwen-markdown-text\">La accesibilidad es fundamental en la experiencia Innogo. Los hu\u00e9spedes disfrutan de una comodidad inigualable gracias a la ubicaci\u00f3n de la propiedad. <\/span><strong class=\"qwen-markdown-strong\"><span class=\"qwen-markdown-text\">A 100 metros de las l\u00edneas 1 y 9 del metro<\/span><\/strong><span class=\"qwen-markdown-text\">, garantizando una conectividad fluida en Shenzhen. Para los viajeros transfronterizos, el hotel es simplemente... <\/span><strong class=\"qwen-markdown-strong\"><span class=\"qwen-markdown-text\">A 0,66 km del puerto de LuoHu<\/span><\/strong><span class=\"qwen-markdown-text\">, lo que lo convierte en uno de los hoteles m\u00e1s convenientes de Shenzhen para viajes hacia y desde Hong Kong. Adem\u00e1s, el famoso <\/span><strong class=\"qwen-markdown-strong\"><span class=\"qwen-markdown-text\">Calle peatonal Dongmen<\/span><\/strong><span class=\"qwen-markdown-text\"> Est\u00e1 cerca, ofreciendo un sinf\u00edn de tiendas y restaurantes a la vuelta de la esquina. Ya sea que llegue para asistir a una feria comercial en el Pabell\u00f3n Huizhan o para explorar los lugares de inter\u00e9s cultural de la ciudad, su ubicaci\u00f3n le ofrece una base estrat\u00e9gica para todos sus itinerarios.<\/span><\/p>\t\t\t\t\t\t\t\t<\/div>\n\t\t\t\t\t<\/div>\n\t\t<\/div>\n\t\t\t\t\t<\/div>\n\t\t<\/section>\n\t\t\t\t<section class=\"elementor-section elementor-top-section elementor-element elementor-element-47d2758 elementor-section-height-min-height elementor-section-stretched elementor-section-full_width elementor-section-items-stretch elementor-section-height-default elementor-section-column-vertical-align-stretch\" data-id=\"47d2758\" data-element_type=\"section\" data-e-type=\"section\" data-settings=\"{&quot;stretch_section&quot;:&quot;section-stretched&quot;}\">\n\t\t\t\t\t\t<div class=\"elementor-container elementor-column-gap-no\">\n\t\t\t\t\t<div class=\"elementor-column elementor-col-50 elementor-top-column elementor-element elementor-element-2d9ac5b\" data-id=\"2d9ac5b\" data-element_type=\"column\" data-e-type=\"column\">\n\t\t\t<div class=\"elementor-widget-wrap elementor-element-populated\">\n\t\t\t\t\t\t<div class=\"elementor-element elementor-element-4cc5f39 elementor-invisible elementor-widget elementor-widget-text-editor\" data-id=\"4cc5f39\" data-element_type=\"widget\" data-e-type=\"widget\" data-settings=\"{&quot;_animation&quot;:&quot;nussFadeInUp&quot;}\" data-widget_type=\"text-editor.default\">\n\t\t\t\t\t\t\t\t\t<p><span class=\"qwen-markdown-text\">En el interior, el hotel rompe con el dise\u00f1o convencional con su dise\u00f1o caracter\u00edstico. <\/span><strong class=\"qwen-markdown-strong\"><span class=\"qwen-markdown-text\">Vest\u00edbulo de arte compartido<\/span><\/strong><span class=\"qwen-markdown-text\">, con vibrantes grafitis en las paredes y creativas zonas sociales que fomentan la interacci\u00f3n. La est\u00e9tica industrial-chic se extiende por toda la propiedad, creando un ambiente moderno y a la vez confortable. La tecnolog\u00eda se une al confort en las 94 habitaciones de dise\u00f1o \u00fanico, cada una equipada con tecnolog\u00eda de renombre internacional. <\/span><strong class=\"qwen-markdown-strong\"><span class=\"qwen-markdown-text\">Colchones SINOMAX<\/span><\/strong><span class=\"qwen-markdown-text\"> Para garantizar un sue\u00f1o reparador despu\u00e9s de un largo d\u00eda de viaje. Las comodidades modernas incluyen wifi gratuito de alta velocidad, control de temperatura inteligente y la novedad de... <\/span><strong class=\"qwen-markdown-strong\"><span class=\"qwen-markdown-text\">Entrega de robots de servicio<\/span><\/strong><span class=\"qwen-markdown-text\">, llevando los art\u00edculos directamente a su puerta con una eficiencia futurista.<\/span><\/p>\t\t\t\t\t\t\t\t<\/div>\n\t\t\t\t\t<\/div>\n\t\t<\/div>\n\t\t\t\t<div class=\"elementor-column elementor-col-50 elementor-top-column elementor-element elementor-element-dfea817\" data-id=\"dfea817\" data-element_type=\"column\" data-e-type=\"column\">\n\t\t\t<div class=\"elementor-widget-wrap elementor-element-populated\">\n\t\t\t\t\t\t<div class=\"elementor-element elementor-element-575446c elementor-widget__width-initial elementor-widget-mobile__width-inherit elementor-invisible nuss-elementor-loading nuss-slide-in-right elementor-widget elementor-widget-image\" data-id=\"575446c\" data-element_type=\"widget\" data-e-type=\"widget\" data-settings=\"{&quot;_animation&quot;:&quot;nussSlideInRight&quot;}\" data-widget_type=\"image.default\">\n\t\t\t\t\t\t\t\t\t\t\t\t\t\t\t<img decoding=\"async\" width=\"1280\" height=\"853\" src=\"https:\/\/innogohotelshenzhen.com\/wp-content\/uploads\/2026\/03\/Innogo-Hotel-Shenzhen-73.webp\" class=\"attachment-full size-full wp-image-5656\" alt=\"\" srcset=\"https:\/\/innogohotelshenzhen.com\/wp-content\/uploads\/2026\/03\/Innogo-Hotel-Shenzhen-73.webp 1280w, https:\/\/innogohotelshenzhen.com\/wp-content\/uploads\/2026\/03\/Innogo-Hotel-Shenzhen-73-300x200.webp 300w, https:\/\/innogohotelshenzhen.com\/wp-content\/uploads\/2026\/03\/Innogo-Hotel-Shenzhen-73-1024x682.webp 1024w, https:\/\/innogohotelshenzhen.com\/wp-content\/uploads\/2026\/03\/Innogo-Hotel-Shenzhen-73-768x512.webp 768w\" sizes=\"(max-width: 1280px) 100vw, 1280px\" \/>\t\t\t\t\t\t\t\t\t\t\t\t\t\t\t<\/div>\n\t\t\t\t\t<\/div>\n\t\t<\/div>\n\t\t\t\t\t<\/div>\n\t\t<\/section>\n\t\t\t\t<section class=\"elementor-section elementor-top-section elementor-element elementor-element-1c04d9a elementor-section-height-min-height elementor-section-stretched elementor-section-full_width elementor-section-items-stretch elementor-section-height-default elementor-section-column-vertical-align-stretch\" data-id=\"1c04d9a\" data-element_type=\"section\" data-e-type=\"section\" data-settings=\"{&quot;stretch_section&quot;:&quot;section-stretched&quot;}\">\n\t\t\t\t\t\t<div class=\"elementor-container elementor-column-gap-no\">\n\t\t\t\t\t<div class=\"elementor-column elementor-col-50 elementor-top-column elementor-element elementor-element-6fe01a5\" data-id=\"6fe01a5\" data-element_type=\"column\" data-e-type=\"column\">\n\t\t\t<div class=\"elementor-widget-wrap elementor-element-populated\">\n\t\t\t\t\t\t<div class=\"elementor-element elementor-element-2360ffd elementor-widget__width-initial elementor-widget-mobile__width-inherit elementor-invisible nuss-elementor-loading nuss-slide-in-right elementor-widget elementor-widget-image\" data-id=\"2360ffd\" data-element_type=\"widget\" data-e-type=\"widget\" data-settings=\"{&quot;_animation&quot;:&quot;nussSlideInRight&quot;}\" data-widget_type=\"image.default\">\n\t\t\t\t\t\t\t\t\t\t\t\t\t\t\t<img loading=\"lazy\" decoding=\"async\" width=\"1280\" height=\"853\" src=\"https:\/\/innogohotelshenzhen.com\/wp-content\/uploads\/2026\/03\/Innogo-Hotel-Shenzhen-7.webp\" class=\"attachment-full size-full wp-image-5599\" alt=\"\" srcset=\"https:\/\/innogohotelshenzhen.com\/wp-content\/uploads\/2026\/03\/Innogo-Hotel-Shenzhen-7.webp 1280w, https:\/\/innogohotelshenzhen.com\/wp-content\/uploads\/2026\/03\/Innogo-Hotel-Shenzhen-7-300x200.webp 300w, https:\/\/innogohotelshenzhen.com\/wp-content\/uploads\/2026\/03\/Innogo-Hotel-Shenzhen-7-1024x682.webp 1024w, https:\/\/innogohotelshenzhen.com\/wp-content\/uploads\/2026\/03\/Innogo-Hotel-Shenzhen-7-768x512.webp 768w\" sizes=\"(max-width: 1280px) 100vw, 1280px\" \/>\t\t\t\t\t\t\t\t\t\t\t\t\t\t\t<\/div>\n\t\t\t\t\t<\/div>\n\t\t<\/div>\n\t\t\t\t<div class=\"elementor-column elementor-col-50 elementor-top-column elementor-element elementor-element-00d2036\" data-id=\"00d2036\" data-element_type=\"column\" data-e-type=\"column\">\n\t\t\t<div class=\"elementor-widget-wrap elementor-element-populated\">\n\t\t\t\t\t\t<div class=\"elementor-element elementor-element-f15c235 elementor-invisible elementor-widget elementor-widget-text-editor\" data-id=\"f15c235\" data-element_type=\"widget\" data-e-type=\"widget\" data-settings=\"{&quot;_animation&quot;:&quot;nussFadeInUp&quot;}\" data-widget_type=\"text-editor.default\">\n\t\t\t\t\t\t\t\t\t<p><span class=\"qwen-markdown-text\">M\u00e1s all\u00e1 de las habitaciones, el Innogo Hotel Shenzhen (Puerto LuoHu) se compromete a brindar la satisfacci\u00f3n integral a sus hu\u00e9spedes. El hotel ofrece <\/span><strong class=\"qwen-markdown-strong\"><span class=\"qwen-markdown-text\">estacionamiento gratuito<\/span><\/strong><span class=\"qwen-markdown-text\">, Un lujo poco com\u00fan en este denso distrito urbano, con recepci\u00f3n 24\/7, consigna de equipaje y servicio de check-in expr\u00e9s. Las familias son recibidas con detalles especiales, como art\u00edculos infantiles, mientras que los profesionales se benefician de pisos ejecutivos y servicios de conectividad. Con una excelente reputaci\u00f3n, reflejada en las altas valoraciones de sus hu\u00e9spedes, el Hotel Innogo destaca como un destino \u00fanico donde convergen arte, tecnolog\u00eda y confort. Elija Innogo para su pr\u00f3xima estancia en Shenzhen y sum\u00e9rjase en una experiencia hotelera tan din\u00e1mica como la ciudad misma.<\/span><\/p>\t\t\t\t\t\t\t\t<\/div>\n\t\t\t\t\t<\/div>\n\t\t<\/div>\n\t\t\t\t\t<\/div>\n\t\t<\/section>\n\t\t\t\t<\/div>","protected":false},"excerpt":{"rendered":"<p>Our story is a simple one. We love NUSS. The owners were married here and generations of their family have lived and still live here. Experience the perfect fusion of contemporary art and modern hospitality at Innogo Hotel Shenzhen (LuoHu Port), a standout 4-star accommodation nestled in the heart of Shenzhen&#8217;s bustling Luohu District. Strategically [&hellip;]<\/p>\n","protected":false},"author":1,"featured_media":0,"parent":0,"menu_order":0,"comment_status":"closed","ping_status":"closed","template":"","meta":{"footnotes":""},"class_list":["post-5266","page","type-page","status-publish","hentry","post-no-thumbnail"],"_links":{"self":[{"href":"https:\/\/innogohotelshenzhen.com\/es\/wp-json\/wp\/v2\/pages\/5266","targetHints":{"allow":["GET"]}}],"collection":[{"href":"https:\/\/innogohotelshenzhen.com\/es\/wp-json\/wp\/v2\/pages"}],"about":[{"href":"https:\/\/innogohotelshenzhen.com\/es\/wp-json\/wp\/v2\/types\/page"}],"author":[{"embeddable":true,"href":"https:\/\/innogohotelshenzhen.com\/es\/wp-json\/wp\/v2\/users\/1"}],"replies":[{"embeddable":true,"href":"https:\/\/innogohotelshenzhen.com\/es\/wp-json\/wp\/v2\/comments?post=5266"}],"version-history":[{"count":0,"href":"https:\/\/innogohotelshenzhen.com\/es\/wp-json\/wp\/v2\/pages\/5266\/revisions"}],"wp:attachment":[{"href":"https:\/\/innogohotelshenzhen.com\/es\/wp-json\/wp\/v2\/media?parent=5266"}],"curies":[{"name":"wp","href":"https:\/\/api.w.org\/{rel}","templated":true}]}}